{"id":181,"date":"2024-11-06T00:36:49","date_gmt":"2024-11-05T22:36:49","guid":{"rendered":"https:\/\/www.meiru.org\/?page_id=181"},"modified":"2024-11-06T01:08:31","modified_gmt":"2024-11-05T23:08:31","slug":"trajectoria","status":"publish","type":"page","link":"https:\/\/www.meiru.org\/index.php\/trajectoria\/","title":{"rendered":"Trajectoria"},"content":{"rendered":"\n<p>-Del 1990 fins al 1999 vaig estar tocant la guitarra el\u00e8ctrica i fent coros amb el grup de rock catal\u00e0 Brams, del qual s\u00f3c cofundador i amb qui vaig gravar cinc discos, inclosa una gira per Am\u00e8rica central (Nicaragua, Honduras, El Salvador) i SudAm\u00e8rica (Venezuela), Galicia, Pais Vasc, Valencia<\/p>\n\n\n\n<p>i les illes Balears i tocant en diferents fetivals com el \u201cDoctor Music\u201d compartin escenari amb els Texas etc&#8230;.<\/p>\n\n\n\n<p>-Al 2003 monto una discogr\u00e0fica \u201cMEIRU RECORS\u201d i grabo un disc autoeditat a trav\u00e9s de plataforma de autoeditors PAE titulat \u201c100% MEIRU\u201d, tinc tres treballs m\u00e9s en format maqueta i un projecte en solitari amb format veu, guitarra i arm\u00f3nica \u201c MEIRU EXPL\u00d3SION \u201c. He fet alg\u00fan treball de producci\u00f3 musical. Durant aquets anys tamb\u00e9 vaig estar tocant amb \u201cECOFUSI\u00d3\u201d una formaci\u00f3 de guitarra cl\u00e0sica i contrabaix, fusionant diversos estils; Flamenc, musica mediterr\u00e0nia i musiques del mon ( Marroc, Africanes etc&#8230;.i ultimament amb el gipsy i can\u00e7\u00f3 Francesa amb la formaci\u00f3 \u201c Mon petit mon \u201c. on tamb\u00e9 colaboro tocant el contrabaix en la grabaci\u00f3 de dos treballs musicals.<\/p>\n\n\n\n<p>-Soc t\u00e8cnic de so i m\u00fasic instrumentista, toco la guitarra, el contrabaix, el piano, la armonica i les percussions. Tamb\u00e9 he estat en diversos projectes tocant el contrabaix amb un Cantautor \u201cRAUL BEN\u00c9ITEZ\u201d gravant tres treballs discogr\u00e0fics \u201cEL DIA DEL MAG \u201d, \u201cQUATRE LLUNES I UNA ARCADA\u201d i \u201c AL CAIENT DE LA NUESA\u201d.<\/p>\n\n\n\n<p class=\"has-contrast-color has-base-2-background-color has-text-color has-background\">-He tocat la guitarra i he cantat amb un grup de reegue, rumba i ska de temes propis \u201cBAMBUSCAT&#8217;S\u201d actualment esticen un duet de musica celta, folck i musiques del mon \u201cLA CORNETA RIELLERA\u201d amb format duo flauta travesera i guitarra amenitzant tot tipus de celebracions, en petit format, tamb\u00e9 fen acctuacions al carrer .Per \u00f9ltim<\/p>\n\n\n\n<p>col-laboro tocant el contrabaix amb un trio de jazz on fem standars latin jazz.<\/p>\n","protected":false},"excerpt":{"rendered":"<p>-Del 1990 fins al 1999 vaig estar tocant la guitarra el\u00e8ctrica i fent coros amb el grup de rock catal\u00e0 Brams, del qual s\u00f3c cofundador i amb qui vaig gravar cinc discos, inclosa una gira per Am\u00e8rica central (Nicaragua, Honduras, El Salvador) i SudAm\u00e8rica (Venezuela), Galicia, Pais Vasc, Valencia i les illes Balears i tocant [&hellip;]<\/p>\n","protected":false},"author":1,"featured_media":33,"parent":0,"menu_order":0,"comment_status":"closed","ping_status":"closed","template":"","meta":{"footnotes":""},"class_list":["post-181","page","type-page","status-publish","has-post-thumbnail","hentry"],"_links":{"self":[{"href":"https:\/\/www.meiru.org\/index.php\/wp-json\/wp\/v2\/pages\/181","targetHints":{"allow":["GET"]}}],"collection":[{"href":"https:\/\/www.meiru.org\/index.php\/wp-json\/wp\/v2\/pages"}],"about":[{"href":"https:\/\/www.meiru.org\/index.php\/wp-json\/wp\/v2\/types\/page"}],"author":[{"embeddable":true,"href":"https:\/\/www.meiru.org\/index.php\/wp-json\/wp\/v2\/users\/1"}],"replies":[{"embeddable":true,"href":"https:\/\/www.meiru.org\/index.php\/wp-json\/wp\/v2\/comments?post=181"}],"version-history":[{"count":3,"href":"https:\/\/www.meiru.org\/index.php\/wp-json\/wp\/v2\/pages\/181\/revisions"}],"predecessor-version":[{"id":189,"href":"https:\/\/www.meiru.org\/index.php\/wp-json\/wp\/v2\/pages\/181\/revisions\/189"}],"wp:featuredmedia":[{"embeddable":true,"href":"https:\/\/www.meiru.org\/index.php\/wp-json\/wp\/v2\/media\/33"}],"wp:attachment":[{"href":"https:\/\/www.meiru.org\/index.php\/wp-json\/wp\/v2\/media?parent=181"}],"curies":[{"name":"wp","href":"https:\/\/api.w.org\/{rel}","templated":true}]}}